{"id":430,"date":"2023-07-25T13:58:53","date_gmt":"2023-07-25T16:58:53","guid":{"rendered":"https:\/\/mkt.engenhariasc.com.br\/?page_id=430"},"modified":"2023-07-25T14:07:37","modified_gmt":"2023-07-25T17:07:37","slug":"avcb-e-clcb-campinas-renovacao-com-especialistas-cloned-14","status":"publish","type":"page","link":"https:\/\/mkt.engenhariasc.com.br\/","title":{"rendered":"Home"},"content":{"rendered":"\t\t<div data-elementor-type=\"wp-page\" data-elementor-id=\"430\" class=\"elementor elementor-430\">\n\t\t\t\t\t\t\t<div class=\"elementor-element elementor-element-dc63f13 e-flex e-con-boxed e-con\" data-id=\"dc63f13\" data-element_type=\"container\" data-settings=\"{&quot;content_width&quot;:&quot;boxed&quot;}\">\n\t\t\t\t\t<div class=\"e-con-inner\">\n\t\t<div class=\"elementor-element elementor-element-ba0c665 e-con-full e-flex e-con\" data-id=\"ba0c665\" data-element_type=\"container\" data-settings=\"{&quot;content_width&quot;:&quot;full&quot;}\">\n\t\t\t\t<div class=\"elementor-element elementor-element-b8c6a84 elementor-widget__width-inherit elementor-grid-3 elementor-grid-tablet-2 elementor-grid-mobile-1 elementor-posts--thumbnail-top elementor-widget elementor-widget-posts\" data-id=\"b8c6a84\" data-element_type=\"widget\" data-settings=\"{&quot;classic_columns&quot;:&quot;3&quot;,&quot;classic_columns_tablet&quot;:&quot;2&quot;,&quot;classic_columns_mobile&quot;:&quot;1&quot;,&quot;classic_row_gap&quot;:{&quot;unit&quot;:&quot;px&quot;,&quot;size&quot;:35,&quot;sizes&quot;:[]},&quot;classic_row_gap_tablet&quot;:{&quot;unit&quot;:&quot;px&quot;,&quot;size&quot;:&quot;&quot;,&quot;sizes&quot;:[]},&quot;classic_row_gap_mobile&quot;:{&quot;unit&quot;:&quot;px&quot;,&quot;size&quot;:&quot;&quot;,&quot;sizes&quot;:[]}}\" data-widget_type=\"posts.classic\">\n\t\t\t\t<div class=\"elementor-widget-container\">\n\t\t\t<link rel=\"stylesheet\" href=\"https:\/\/mkt.engenhariasc.com.br\/wp-content\/plugins\/elementor-pro\/assets\/css\/widget-posts.min.css\">\t\t<div class=\"elementor-posts-container elementor-posts elementor-posts--skin-classic elementor-grid\">\n\t\t\t\t<article class=\"elementor-post elementor-grid-item post-116 page type-page status-publish hentry\">\n\t\t\t\t<div class=\"elementor-post__text\">\n\t\t\t\t<h3 class=\"elementor-post__title\">\n\t\t\t<a href=\"https:\/\/mkt.engenhariasc.com.br\/index.php\/laudo-insalubridade-e-periculosidade-de-campinas\/\" >\n\t\t\t\tLaudo de Insalubridade e Periculosidade em Campinas e Regi\u00e3o\t\t\t<\/a>\n\t\t<\/h3>\n\t\t\t\t<div class=\"elementor-post__meta-data\">\n\t\t\t\t\t<span class=\"elementor-post-date\">\n\t\t\t3 de July de 2023\t\t<\/span>\n\t\t\t\t<span class=\"elementor-post-avatar\">\n\t\t\tNo Comments\t\t<\/span>\n\t\t\t\t<\/div>\n\t\t\t\t<div class=\"elementor-post__excerpt\">\n\t\t\t<p>Laudo de Insalubridade e Periculosidade em Campinas e Regi\u00e3o Pre\u00e7os competitivos e avalia\u00e7\u00e3o t\u00e9cnica em conformidade com o e-social e LTCAT. Atenda \u00e0s exig\u00eancias da<\/p>\n\t\t<\/div>\n\t\t\n\t\t<a class=\"elementor-post__read-more\" href=\"https:\/\/mkt.engenhariasc.com.br\/index.php\/laudo-insalubridade-e-periculosidade-de-campinas\/\" aria-label=\"Read more about Laudo de Insalubridade e Periculosidade em Campinas e Regi\u00e3o\" >\n\t\t\tRead More \u00bb\t\t<\/a>\n\n\t\t\t\t<\/div>\n\t\t\t\t<\/article>\n\t\t\t\t<article class=\"elementor-post elementor-grid-item post-115 page type-page status-publish hentry\">\n\t\t\t\t<div class=\"elementor-post__text\">\n\t\t\t\t<h3 class=\"elementor-post__title\">\n\t\t\t<a href=\"https:\/\/mkt.engenhariasc.com.br\/index.php\/laudo-vibracao-ambiental-campinas\/\" >\n\t\t\t\tLaudo de Vibra\u00e7\u00e3o Ambiental CETESB em Campinas e Regi\u00e3o\t\t\t<\/a>\n\t\t<\/h3>\n\t\t\t\t<div class=\"elementor-post__meta-data\">\n\t\t\t\t\t<span class=\"elementor-post-date\">\n\t\t\t3 de July de 2023\t\t<\/span>\n\t\t\t\t<span class=\"elementor-post-avatar\">\n\t\t\tNo Comments\t\t<\/span>\n\t\t\t\t<\/div>\n\t\t\t\t<div class=\"elementor-post__excerpt\">\n\t\t\t<p>Laudo de Vibra\u00e7\u00e3o Ambiental em Campinas e Regi\u00e3o Conte com aparelhos profissionais \/ quantitativos e um corpo de engenharia especializado. Atenda a todas as conformidades<\/p>\n\t\t<\/div>\n\t\t\n\t\t<a class=\"elementor-post__read-more\" href=\"https:\/\/mkt.engenhariasc.com.br\/index.php\/laudo-vibracao-ambiental-campinas\/\" aria-label=\"Read more about Laudo de Vibra\u00e7\u00e3o Ambiental CETESB em Campinas e Regi\u00e3o\" >\n\t\t\tRead More \u00bb\t\t<\/a>\n\n\t\t\t\t<\/div>\n\t\t\t\t<\/article>\n\t\t\t\t<article class=\"elementor-post elementor-grid-item post-101 page type-page status-publish hentry\">\n\t\t\t\t<div class=\"elementor-post__text\">\n\t\t\t\t<h3 class=\"elementor-post__title\">\n\t\t\t<a href=\"https:\/\/mkt.engenhariasc.com.br\/index.php\/laudo-ruido-ambiental-campinas\/\" >\n\t\t\t\tLaudo de Ru\u00eddo Ambiental NBR 10151:2020 em Campinas\t\t\t<\/a>\n\t\t<\/h3>\n\t\t\t\t<div class=\"elementor-post__meta-data\">\n\t\t\t\t\t<span class=\"elementor-post-date\">\n\t\t\t3 de July de 2023\t\t<\/span>\n\t\t\t\t<span class=\"elementor-post-avatar\">\n\t\t\tNo Comments\t\t<\/span>\n\t\t\t\t<\/div>\n\t\t\t\t<div class=\"elementor-post__excerpt\">\n\t\t\t<p>Laudo de Ru\u00eddo Ambiental em Campinas e Regi\u00e3o Conte com aparelhos profissionais \/ quantitativos e um corpo de engenharia especializado. Atenda a todas as conformidades<\/p>\n\t\t<\/div>\n\t\t\n\t\t<a class=\"elementor-post__read-more\" href=\"https:\/\/mkt.engenhariasc.com.br\/index.php\/laudo-ruido-ambiental-campinas\/\" aria-label=\"Read more about Laudo de Ru\u00eddo Ambiental NBR 10151:2020 em Campinas\" >\n\t\t\tRead More \u00bb\t\t<\/a>\n\n\t\t\t\t<\/div>\n\t\t\t\t<\/article>\n\t\t\t\t<\/div>\n\t\t\n\t\t\t\t<\/div>\n\t\t\t\t<\/div>\n\t\t\t\t<\/div>\n\t\t\t\t\t<\/div>\n\t\t\t\t<\/div>\n\t\t\t\t\t\t\t<\/div>\n\t\t","protected":false},"excerpt":{"rendered":"","protected":false},"author":2,"featured_media":0,"parent":0,"menu_order":0,"comment_status":"closed","ping_status":"closed","template":"elementor_header_footer","meta":{"om_disable_all_campaigns":false,"_monsterinsights_skip_tracking":false,"_monsterinsights_sitenote_active":false,"_monsterinsights_sitenote_note":"","_monsterinsights_sitenote_category":0},"aioseo_notices":[],"yoast_head":"<!-- This site is optimized with the Yoast SEO Premium plugin v20.9 (Yoast SEO v20.9) - https:\/\/yoast.com\/wordpress\/plugins\/seo\/ -->\n<title>Home - Engenharia SC<\/title>\n<meta name=\"description\" content=\"A partir de R$400, com especialistas da SC Engenharia. Renove seu AVCB e CLCB em Campinas e Regi\u00e3o, com rapidez e total seguran\u00e7a.\" \/>\n<meta name=\"robots\" content=\"index, follow, max-snippet:-1, max-image-preview:large, max-video-preview:-1\" \/>\n<link rel=\"canonical\" href=\"https:\/\/mkt.engenhariasc.com.br\/\" \/>\n<meta property=\"og:locale\" content=\"en_US\" \/>\n<meta property=\"og:type\" content=\"article\" \/>\n<meta property=\"og:title\" content=\"Home\" \/>\n<meta property=\"og:description\" content=\"A partir de R$400, com especialistas da SC Engenharia. Renove seu AVCB e CLCB em Campinas e Regi\u00e3o, com rapidez e total seguran\u00e7a.\" \/>\n<meta property=\"og:url\" content=\"https:\/\/mkt.engenhariasc.com.br\/\" \/>\n<meta property=\"og:site_name\" content=\"Engenharia SC\" \/>\n<meta property=\"article:modified_time\" content=\"2023-07-25T17:07:37+00:00\" \/>\n<meta name=\"twitter:card\" content=\"summary_large_image\" \/>\n<script type=\"application\/ld+json\" class=\"yoast-schema-graph\">{\"@context\":\"https:\/\/schema.org\",\"@graph\":[{\"@type\":\"WebPage\",\"@id\":\"https:\/\/mkt.engenhariasc.com.br\/\",\"url\":\"https:\/\/mkt.engenhariasc.com.br\/\",\"name\":\"Home - Engenharia SC\",\"isPartOf\":{\"@id\":\"https:\/\/mkt.engenhariasc.com.br\/#website\"},\"datePublished\":\"2023-07-25T16:58:53+00:00\",\"dateModified\":\"2023-07-25T17:07:37+00:00\",\"description\":\"A partir de R$400, com especialistas da SC Engenharia. Renove seu AVCB e CLCB em Campinas e Regi\u00e3o, com rapidez e total seguran\u00e7a.\",\"breadcrumb\":{\"@id\":\"https:\/\/mkt.engenhariasc.com.br\/#breadcrumb\"},\"inLanguage\":\"en-US\",\"potentialAction\":[{\"@type\":\"ReadAction\",\"target\":[\"https:\/\/mkt.engenhariasc.com.br\/\"]}]},{\"@type\":\"BreadcrumbList\",\"@id\":\"https:\/\/mkt.engenhariasc.com.br\/#breadcrumb\",\"itemListElement\":[{\"@type\":\"ListItem\",\"position\":1,\"name\":\"Home\",\"item\":\"https:\/\/mkt.engenhariasc.com.br\/\"},{\"@type\":\"ListItem\",\"position\":2,\"name\":\"Home\"}]},{\"@type\":\"WebSite\",\"@id\":\"https:\/\/mkt.engenhariasc.com.br\/#website\",\"url\":\"https:\/\/mkt.engenhariasc.com.br\/\",\"name\":\"Engenharia SC\",\"description\":\"\",\"publisher\":{\"@id\":\"https:\/\/mkt.engenhariasc.com.br\/#organization\"},\"potentialAction\":[{\"@type\":\"SearchAction\",\"target\":{\"@type\":\"EntryPoint\",\"urlTemplate\":\"https:\/\/mkt.engenhariasc.com.br\/?s={search_term_string}\"},\"query-input\":\"required name=search_term_string\"}],\"inLanguage\":\"en-US\"},{\"@type\":\"Organization\",\"@id\":\"https:\/\/mkt.engenhariasc.com.br\/#organization\",\"name\":\"Engenharia SC\",\"url\":\"https:\/\/mkt.engenhariasc.com.br\/\",\"logo\":{\"@type\":\"ImageObject\",\"inLanguage\":\"en-US\",\"@id\":\"https:\/\/mkt.engenhariasc.com.br\/#\/schema\/logo\/image\/\",\"url\":\"https:\/\/mkt.engenhariasc.com.br\/wp-content\/uploads\/2023\/06\/Logo_EngenhariaSC.png\",\"contentUrl\":\"https:\/\/mkt.engenhariasc.com.br\/wp-content\/uploads\/2023\/06\/Logo_EngenhariaSC.png\",\"width\":330,\"height\":78,\"caption\":\"Engenharia SC\"},\"image\":{\"@id\":\"https:\/\/mkt.engenhariasc.com.br\/#\/schema\/logo\/image\/\"}}]}<\/script>\n<!-- \/ Yoast SEO Premium plugin. -->","yoast_head_json":{"title":"Home - Engenharia SC","description":"A partir de R$400, com especialistas da SC Engenharia. Renove seu AVCB e CLCB em Campinas e Regi\u00e3o, com rapidez e total seguran\u00e7a.","robots":{"index":"index","follow":"follow","max-snippet":"max-snippet:-1","max-image-preview":"max-image-preview:large","max-video-preview":"max-video-preview:-1"},"canonical":"https:\/\/mkt.engenhariasc.com.br\/","og_locale":"en_US","og_type":"article","og_title":"Home","og_description":"A partir de R$400, com especialistas da SC Engenharia. Renove seu AVCB e CLCB em Campinas e Regi\u00e3o, com rapidez e total seguran\u00e7a.","og_url":"https:\/\/mkt.engenhariasc.com.br\/","og_site_name":"Engenharia SC","article_modified_time":"2023-07-25T17:07:37+00:00","twitter_card":"summary_large_image","schema":{"@context":"https:\/\/schema.org","@graph":[{"@type":"WebPage","@id":"https:\/\/mkt.engenhariasc.com.br\/","url":"https:\/\/mkt.engenhariasc.com.br\/","name":"Home - Engenharia SC","isPartOf":{"@id":"https:\/\/mkt.engenhariasc.com.br\/#website"},"datePublished":"2023-07-25T16:58:53+00:00","dateModified":"2023-07-25T17:07:37+00:00","description":"A partir de R$400, com especialistas da SC Engenharia. Renove seu AVCB e CLCB em Campinas e Regi\u00e3o, com rapidez e total seguran\u00e7a.","breadcrumb":{"@id":"https:\/\/mkt.engenhariasc.com.br\/#breadcrumb"},"inLanguage":"en-US","potentialAction":[{"@type":"ReadAction","target":["https:\/\/mkt.engenhariasc.com.br\/"]}]},{"@type":"BreadcrumbList","@id":"https:\/\/mkt.engenhariasc.com.br\/#breadcrumb","itemListElement":[{"@type":"ListItem","position":1,"name":"Home","item":"https:\/\/mkt.engenhariasc.com.br\/"},{"@type":"ListItem","position":2,"name":"Home"}]},{"@type":"WebSite","@id":"https:\/\/mkt.engenhariasc.com.br\/#website","url":"https:\/\/mkt.engenhariasc.com.br\/","name":"Engenharia SC","description":"","publisher":{"@id":"https:\/\/mkt.engenhariasc.com.br\/#organization"},"potentialAction":[{"@type":"SearchAction","target":{"@type":"EntryPoint","urlTemplate":"https:\/\/mkt.engenhariasc.com.br\/?s={search_term_string}"},"query-input":"required name=search_term_string"}],"inLanguage":"en-US"},{"@type":"Organization","@id":"https:\/\/mkt.engenhariasc.com.br\/#organization","name":"Engenharia SC","url":"https:\/\/mkt.engenhariasc.com.br\/","logo":{"@type":"ImageObject","inLanguage":"en-US","@id":"https:\/\/mkt.engenhariasc.com.br\/#\/schema\/logo\/image\/","url":"https:\/\/mkt.engenhariasc.com.br\/wp-content\/uploads\/2023\/06\/Logo_EngenhariaSC.png","contentUrl":"https:\/\/mkt.engenhariasc.com.br\/wp-content\/uploads\/2023\/06\/Logo_EngenhariaSC.png","width":330,"height":78,"caption":"Engenharia SC"},"image":{"@id":"https:\/\/mkt.engenhariasc.com.br\/#\/schema\/logo\/image\/"}}]}},"_links":{"self":[{"href":"https:\/\/mkt.engenhariasc.com.br\/index.php\/wp-json\/wp\/v2\/pages\/430"}],"collection":[{"href":"https:\/\/mkt.engenhariasc.com.br\/index.php\/wp-json\/wp\/v2\/pages"}],"about":[{"href":"https:\/\/mkt.engenhariasc.com.br\/index.php\/wp-json\/wp\/v2\/types\/page"}],"author":[{"embeddable":true,"href":"https:\/\/mkt.engenhariasc.com.br\/index.php\/wp-json\/wp\/v2\/users\/2"}],"replies":[{"embeddable":true,"href":"https:\/\/mkt.engenhariasc.com.br\/index.php\/wp-json\/wp\/v2\/comments?post=430"}],"version-history":[{"count":4,"href":"https:\/\/mkt.engenhariasc.com.br\/index.php\/wp-json\/wp\/v2\/pages\/430\/revisions"}],"predecessor-version":[{"id":434,"href":"https:\/\/mkt.engenhariasc.com.br\/index.php\/wp-json\/wp\/v2\/pages\/430\/revisions\/434"}],"wp:attachment":[{"href":"https:\/\/mkt.engenhariasc.com.br\/index.php\/wp-json\/wp\/v2\/media?parent=430"}],"curies":[{"name":"wp","href":"https:\/\/api.w.org\/{rel}","templated":true}]}}